{"id":13841,"date":"2020-11-03T16:06:27","date_gmt":"2020-11-03T16:06:27","guid":{"rendered":"http:\/\/shivaterapias.com.br\/massagens-terapeuticas\/?page_id=13841"},"modified":"2022-04-07T21:31:06","modified_gmt":"2022-04-07T21:31:06","slug":"equipe-sp","status":"publish","type":"page","link":"https:\/\/shivaterapias.com.br\/massagens-terapeuticas\/equipe-sp\/","title":{"rendered":"Equipe S\u00e3o Paulo"},"content":{"rendered":"[vc_row][vc_column][vc_column_text]\n<h4 style=\"text-align: justify;\">Com uma Equipe Altamente Qualificada, nossa cl\u00ednica se destaca pela aten\u00e7\u00e3o e pelo carinho a voc\u00ea cliente. Enquanto durar sua estadia em nossas depend\u00eancias estaremos sempre sugerindo a melhor terapia para seu bem estar f\u00edsico e mental.<\/h4>\n<p>&nbsp;<\/p>\n<h4 style=\"text-align: justify;\">Aqui a sua \u00fanica preocupa\u00e7\u00e3o \u00e9 relaxar, abaixo est\u00e3o as m\u00e3os que v\u00e3o conduzir voc\u00ea a uma experi\u00eancia nunca vivida antes.<\/h4>\n<p>&nbsp;<\/p>\n<h4 style=\"text-align: justify;\">Especialidades de cada Terapeuta:<\/h4>\n[\/vc_column_text][vc_empty_space height=&#8221;15px&#8221;][\/vc_column][\/vc_row][vc_row][vc_column width=&#8221;1\/4&#8243;][vc_column_text]\n<h4><i class=\"fa fa-angle-double-right\"><\/i> Massagem Relaxante<br \/>\n<i class=\"fa fa-angle-double-right\"><\/i> Shiatsu<br \/>\n<i class=\"fa fa-angle-double-right\"><\/i> T\u00e2ntrica<br \/>\n<i class=\"fa fa-angle-double-right\"><\/i> Desportiva<\/h4>\n[\/vc_column_text][\/vc_column][vc_column width=&#8221;1\/4&#8243;][vc_column_text]\n<h4><i class=\"fa fa-angle-double-right\"><\/i> Prost\u00e1tica<br \/>\n<i class=\"fa fa-angle-double-right\"><\/i> 4 M\u00e3os<br \/>\n<i class=\"fa fa-angle-double-right\"><\/i> Tailandesa<br \/>\n<i class=\"fa fa-angle-double-right\"><\/i> Massagem Mix<\/h4>\n[\/vc_column_text][\/vc_column][vc_column width=&#8221;1\/4&#8243;][\/vc_column][vc_column width=&#8221;1\/4&#8243;][\/vc_column][\/vc_row][vc_row][vc_column][vc_empty_space height=&#8221;30px&#8221;][\/vc_column][\/vc_row][vc_row][vc_column width=&#8221;1\/3&#8243;][\/vc_column][vc_column width=&#8221;1\/3&#8243;][\/vc_column][vc_column width=&#8221;1\/3&#8243;][\/vc_column][\/vc_row][vc_row][vc_column width=&#8221;1\/3&#8243;][\/vc_column][vc_column width=&#8221;1\/3&#8243;][\/vc_column][vc_column width=&#8221;1\/3&#8243;][\/vc_column][\/vc_row][vc_row][vc_column width=&#8221;1\/3&#8243;][\/vc_column][vc_column width=&#8221;1\/3&#8243;][\/vc_column][vc_column width=&#8221;1\/3&#8243;][\/vc_column][\/vc_row][vc_row][vc_column width=&#8221;1\/3&#8243;][\/vc_column][vc_column width=&#8221;1\/3&#8243;][\/vc_column][vc_column width=&#8221;1\/3&#8243;][\/vc_column][\/vc_row][vc_row][vc_column][vc_column_text]\n<p style=\"text-align: justify;\">Todo nosso material \u00e9 descart\u00e1vel e nosso ambiente \u00e9 higienizado.<\/p>\n[\/vc_column_text][vc_empty_space height=&#8221;20px&#8221;][\/vc_column][\/vc_row][vc_row][vc_column][vc_column_text]\n<p style=\"text-align: justify;\">ACEITAMOS TODOS OS CART\u00d5ES DE CREDITO E DEBITO. N\u00e3o cobramos taxa de acr\u00e9scimo para pagamento em cart\u00e3o.<\/p>\n<p>&nbsp;<\/p>\n<p style=\"text-align: justify;\"><strong>Atendimento:<\/strong> Segunda \u00e0 sexta 11:00 as 20:00 | <strong>Whatsapp:<\/strong> (11) 9.7495-2449<\/p>\n<p>Estamos localizados dentro do Centro Comercial Alphaville &#8211; Cal\u00e7ada das Palmas.[\/vc_column_text][vc_empty_space height=&#8221;30px&#8221;][\/vc_column][\/vc_row]\n","protected":false},"excerpt":{"rendered":"<p>[vc_row][vc_column][vc_column_text] Com uma Equipe Altamente Qualificada, nossa cl\u00ednica se destaca pela aten\u00e7\u00e3o e pelo carinho a voc\u00ea cliente. Enquanto durar sua estadia em nossas depend\u00eancias estaremos sempre sugerindo a melhor terapia para seu bem estar f\u00edsico e mental. &nbsp; Aqui a sua \u00fanica preocupa\u00e7\u00e3o \u00e9&#8230;<\/p>\n","protected":false},"author":3,"featured_media":0,"parent":0,"menu_order":0,"comment_status":"open","ping_status":"open","template":"","meta":[],"uagb_featured_image_src":{"full":false,"thumbnail":false,"medium":false,"medium_large":false,"large":false,"1536x1536":false,"2048x2048":false,"portfolio-square":false,"menu-featured-post":false,"qode-carousel_slider":false,"portfolio_slider":false},"uagb_author_info":{"display_name":"RBS","author_link":"https:\/\/shivaterapias.com.br\/massagens-terapeuticas\/author\/maicon\/"},"uagb_comment_info":0,"uagb_excerpt":"[vc_row][vc_column][vc_column_text] Com uma Equipe Altamente Qualificada, nossa cl\u00ednica se destaca pela aten\u00e7\u00e3o e pelo carinho a voc\u00ea cliente. Enquanto durar sua estadia em nossas depend\u00eancias estaremos sempre sugerindo a melhor terapia para seu bem estar f\u00edsico e mental. &nbsp; Aqui a sua \u00fanica preocupa\u00e7\u00e3o \u00e9...","_links":{"self":[{"href":"https:\/\/shivaterapias.com.br\/massagens-terapeuticas\/wp-json\/wp\/v2\/pages\/13841"}],"collection":[{"href":"https:\/\/shivaterapias.com.br\/massagens-terapeuticas\/wp-json\/wp\/v2\/pages"}],"about":[{"href":"https:\/\/shivaterapias.com.br\/massagens-terapeuticas\/wp-json\/wp\/v2\/types\/page"}],"author":[{"embeddable":true,"href":"https:\/\/shivaterapias.com.br\/massagens-terapeuticas\/wp-json\/wp\/v2\/users\/3"}],"replies":[{"embeddable":true,"href":"https:\/\/shivaterapias.com.br\/massagens-terapeuticas\/wp-json\/wp\/v2\/comments?post=13841"}],"version-history":[{"count":7,"href":"https:\/\/shivaterapias.com.br\/massagens-terapeuticas\/wp-json\/wp\/v2\/pages\/13841\/revisions"}],"predecessor-version":[{"id":15042,"href":"https:\/\/shivaterapias.com.br\/massagens-terapeuticas\/wp-json\/wp\/v2\/pages\/13841\/revisions\/15042"}],"wp:attachment":[{"href":"https:\/\/shivaterapias.com.br\/massagens-terapeuticas\/wp-json\/wp\/v2\/media?parent=13841"}],"curies":[{"name":"wp","href":"https:\/\/api.w.org\/{rel}","templated":true}]}}