{"id":8187,"date":"2015-07-01T22:52:08","date_gmt":"2015-07-01T22:52:08","guid":{"rendered":"http:\/\/shivaterapias.com.br\/massagens-terapeuticas\/?page_id=8187"},"modified":"2017-05-15T17:12:10","modified_gmt":"2017-05-15T17:12:10","slug":"pagina-principal3","status":"publish","type":"page","link":"https:\/\/shivaterapias.com.br\/massagens-terapeuticas\/","title":{"rendered":"Home"},"content":{"rendered":"[vc_row][vc_column width=&#8221;1\/1&#8243;][vc_column_text css=&#8221;.vc_custom_1459377507998{padding-bottom: 10px !important;}&#8221;]\n<h2 style=\"text-align: center;\">Massagens Terap\u00eauticas<\/h2>\n[\/vc_column_text][vc_column_text]\n<p style=\"text-align: justify;\">O Dia a dia recheado de estresse pode causar um aumento da tens\u00e3o em todo o corpo, o que pode levar \u00e0 ansiedade e pensamentos obscuros. A massagem ajuda a liberar o estresse e melhorar o equil\u00edbrio entre corpo\/ mente e, como resultado, permite uma perspectiva mais equilibrada em situa\u00e7\u00f5es estressantes. Uma leve massagem tamb\u00e9m pode beneficiar o sistema respirat\u00f3rio, diminuindo as subst\u00e2ncias que provocam alergias e asma pois h\u00e1 um fluxo de oxig\u00eanio fresco e os nutrientes s\u00e3o liberados atrav\u00e9s do corpo, alimentando e fortalecendo o sistema imunol\u00f3gico, tornando-o mais capaz de reparar -se.<\/p>\n<p>&nbsp;<\/p>\n<p style=\"text-align: justify;\">Por que voc\u00ea deve marcar uma sess\u00e3o de massagem?<\/p>\n<p>&nbsp;<\/p>\n<p style=\"text-align: justify;\">Se voc\u00ea est\u00e1 em p\u00e9 o dia todo ou acorrentado a uma mesa, n\u00e3o h\u00e1 maneira melhor de relaxar do que uma massagem no p\u00e9, pesco\u00e7o ou ombro. Agora, os cientistas descobriram mais um motivo para entrar neste simples prazer. A massagem pode diminuir a depress\u00e3o, press\u00e3o arterial e at\u00e9 mesmo ajudar a evitar resfriados.<\/p>\n<p>&nbsp;<\/p>\n<p style=\"text-align: justify;\">Quando foi a \u00faltima vez que voc\u00ea marcou uma sess\u00e3o de massagem?<\/p>\n<p>&nbsp;<\/p>\n<p style=\"text-align: justify;\">Marque agora mesmo uma sess\u00e3o de massagem ligando para\u00a0uma de nossas unidades abaixo.<\/p>\n[\/vc_column_text][vc_empty_space height=&#8221;32px&#8221;][\/vc_column][\/vc_row][vc_row][vc_column width=&#8221;1\/1&#8243;][vc_row_inner][vc_column_inner width=&#8221;1\/3&#8243;][vc_column_text css=&#8221;.vc_custom_1459261160729{padding-bottom: 10px !important;}&#8221;]\n<h4 style=\"text-align: center;\"><a href=\"http:\/\/shivaterapias.com.br\/massagens-terapeuticas\/massagem-relaxante\/\">MASSAGEM RELAXANTE<\/a><\/h4>\n[\/vc_column_text][vc_single_image alignment=&#8221;center&#8221; border_color=&#8221;grey&#8221; img_link_large=&#8221;&#8221; img_link_target=&#8221;_self&#8221; img_size=&#8221;500&#215;300&#8243; image=&#8221;9011&#8243; link=&#8221;http:\/\/shivaterapias.com.br\/massagens-terapeuticas\/massagem-relaxante\/&#8221;][\/vc_column_inner][vc_column_inner width=&#8221;1\/3&#8243;][vc_column_text css=&#8221;.vc_custom_1459261197927{padding-bottom: 10px !important;}&#8221;]\n<h4 style=\"text-align: center;\"><a href=\"http:\/\/shivaterapias.com.br\/massagens-terapeuticas\/massagem-prostatica\/\">MASSAGEM PROST\u00c1TICA<\/a><\/h4>\n[\/vc_column_text][vc_single_image alignment=&#8221;center&#8221; border_color=&#8221;grey&#8221; img_link_large=&#8221;&#8221; img_link_target=&#8221;_self&#8221; img_size=&#8221;500&#215;300&#8243; image=&#8221;9069&#8243; link=&#8221;http:\/\/shivaterapias.com.br\/massagens-terapeuticas\/massagem-prostatica\/&#8221;][\/vc_column_inner][vc_column_inner width=&#8221;1\/3&#8243;][vc_column_text css=&#8221;.vc_custom_1459261203981{padding-bottom: 10px !important;}&#8221;]\n<h4 style=\"text-align: center;\"><a href=\"http:\/\/shivaterapias.com.br\/massagens-terapeuticas\/massagem-desportiva\/\">MASSAGEM DESPORTIVA<\/a><\/h4>\n[\/vc_column_text][vc_single_image alignment=&#8221;center&#8221; border_color=&#8221;grey&#8221; img_link_large=&#8221;&#8221; img_link_target=&#8221;_self&#8221; img_size=&#8221;500&#215;300&#8243; image=&#8221;9008&#8243; link=&#8221;http:\/\/shivaterapias.com.br\/massagens-terapeuticas\/massagem-desportiva\/&#8221;][\/vc_column_inner][\/vc_row_inner][vc_empty_space height=&#8221;32px&#8221;][vc_row_inner][vc_column_inner width=&#8221;1\/3&#8243;][vc_column_text css=&#8221;.vc_custom_1459261236351{padding-bottom: 10px !important;}&#8221;]\n<h4 style=\"text-align: center;\"><a href=\"http:\/\/shivaterapias.com.br\/massagens-terapeuticas\/massagem-tailandesa\/\">MASSAGEM TAILANDESA<\/a><\/h4>\n[\/vc_column_text][vc_single_image alignment=&#8221;center&#8221; border_color=&#8221;grey&#8221; img_link_large=&#8221;&#8221; img_link_target=&#8221;_self&#8221; img_size=&#8221;500&#215;300&#8243; image=&#8221;9012&#8243; link=&#8221;http:\/\/shivaterapias.com.br\/massagens-terapeuticas\/massagem-tailandesa\/&#8221;][\/vc_column_inner][vc_column_inner width=&#8221;1\/3&#8243;][vc_column_text css=&#8221;.vc_custom_1460484077235{padding-bottom: 10px !important;}&#8221;]\n<h4 style=\"text-align: center;\"><a href=\"http:\/\/shivaterapias.com.br\/massagens-terapeuticas\/massagem-tantrica\/\">MASSAGEM T\u00c2NTRICA<\/a><\/h4>\n[\/vc_column_text][vc_single_image alignment=&#8221;center&#8221; border_color=&#8221;grey&#8221; img_link_large=&#8221;&#8221; img_link_target=&#8221;_self&#8221; img_size=&#8221;500&#215;300&#8243; image=&#8221;9010&#8243; link=&#8221;http:\/\/shivaterapias.com.br\/massagens-terapeuticas\/massagem-tantrica\/&#8221;][\/vc_column_inner][vc_column_inner width=&#8221;1\/3&#8243;][vc_column_text css=&#8221;.vc_custom_1459261272340{padding-bottom: 10px !important;}&#8221;]\n<h4 style=\"text-align: center;\"><a href=\"http:\/\/shivaterapias.com.br\/massagens-terapeuticas\/massagem-4-maos\/\">MASSAGEM 4 M\u00c3OS<\/a><\/h4>\n[\/vc_column_text][vc_single_image alignment=&#8221;center&#8221; border_color=&#8221;grey&#8221; img_link_large=&#8221;&#8221; img_link_target=&#8221;_self&#8221; img_size=&#8221;500&#215;300&#8243; image=&#8221;9007&#8243; link=&#8221;http:\/\/shivaterapias.com.br\/massagens-terapeuticas\/massagem-4-maos\/&#8221;][\/vc_column_inner][\/vc_row_inner][vc_empty_space height=&#8221;32px&#8221;][\/vc_column][\/vc_row]\n","protected":false},"excerpt":{"rendered":"<p>[vc_row][vc_column width=&#8221;1\/1&#8243;][vc_column_text css=&#8221;.vc_custom_1459377507998{padding-bottom: 10px !important;}&#8221;] Massagens Terap\u00eauticas [\/vc_column_text][vc_column_text] O Dia a dia recheado de estresse pode causar um aumento da tens\u00e3o em todo o corpo, o que pode levar \u00e0 ansiedade e pensamentos obscuros. A massagem ajuda a liberar o estresse e melhorar o equil\u00edbrio&#8230;<\/p>\n","protected":false},"author":1,"featured_media":0,"parent":0,"menu_order":0,"comment_status":"open","ping_status":"closed","template":"","meta":[],"uagb_featured_image_src":{"full":false,"thumbnail":false,"medium":false,"medium_large":false,"large":false,"1536x1536":false,"2048x2048":false,"portfolio-square":false,"menu-featured-post":false,"qode-carousel_slider":false,"portfolio_slider":false},"uagb_author_info":{"display_name":"DGN","author_link":"https:\/\/shivaterapias.com.br\/massagens-terapeuticas\/author\/eccan\/"},"uagb_comment_info":0,"uagb_excerpt":"[vc_row][vc_column width=&#8221;1\/1&#8243;][vc_column_text css=&#8221;.vc_custom_1459377507998{padding-bottom: 10px !important;}&#8221;] Massagens Terap\u00eauticas [\/vc_column_text][vc_column_text] O Dia a dia recheado de estresse pode causar um aumento da tens\u00e3o em todo o corpo, o que pode levar \u00e0 ansiedade e pensamentos obscuros. A massagem ajuda a liberar o estresse e melhorar o equil\u00edbrio...","_links":{"self":[{"href":"https:\/\/shivaterapias.com.br\/massagens-terapeuticas\/wp-json\/wp\/v2\/pages\/8187"}],"collection":[{"href":"https:\/\/shivaterapias.com.br\/massagens-terapeuticas\/wp-json\/wp\/v2\/pages"}],"about":[{"href":"https:\/\/shivaterapias.com.br\/massagens-terapeuticas\/wp-json\/wp\/v2\/types\/page"}],"author":[{"embeddable":true,"href":"https:\/\/shivaterapias.com.br\/massagens-terapeuticas\/wp-json\/wp\/v2\/users\/1"}],"replies":[{"embeddable":true,"href":"https:\/\/shivaterapias.com.br\/massagens-terapeuticas\/wp-json\/wp\/v2\/comments?post=8187"}],"version-history":[{"count":155,"href":"https:\/\/shivaterapias.com.br\/massagens-terapeuticas\/wp-json\/wp\/v2\/pages\/8187\/revisions"}],"predecessor-version":[{"id":10071,"href":"https:\/\/shivaterapias.com.br\/massagens-terapeuticas\/wp-json\/wp\/v2\/pages\/8187\/revisions\/10071"}],"wp:attachment":[{"href":"https:\/\/shivaterapias.com.br\/massagens-terapeuticas\/wp-json\/wp\/v2\/media?parent=8187"}],"curies":[{"name":"wp","href":"https:\/\/api.w.org\/{rel}","templated":true}]}}