{"id":8833,"date":"2016-03-11T00:44:01","date_gmt":"2016-03-11T00:44:01","guid":{"rendered":"http:\/\/shivaterapias.com.br\/massagens-terapeuticas\/?page_id=8833"},"modified":"2023-03-05T19:24:52","modified_gmt":"2023-03-05T19:24:52","slug":"massagem-relaxante","status":"publish","type":"page","link":"https:\/\/shivaterapias.com.br\/massagens-terapeuticas\/massagem-relaxante\/","title":{"rendered":"Massagem Relaxante"},"content":{"rendered":"[vc_row][vc_column][vc_column_text]\n<h2 style=\"text-align: center;\">Massagem Relaxante<\/h2>\n[\/vc_column_text][vc_empty_space][vc_row_inner][vc_column_inner width=&#8221;2\/3&#8243;][vc_column_text]\n<p style=\"text-align: justify;\">A Massagem relaxante tem como base a massagem cl\u00e1ssica sueca. Uma massagem\u00a0cl\u00e1ssica que proporciona o relaxamento muscular o cansa\u00e7o f\u00edsico e o estresse mental e\u00a0corporal.<\/p>\n[\/vc_column_text][vc_empty_space height=&#8221;20px&#8221;][vc_column_text]\n<h4 style=\"text-align: left;\">Benef\u00edcios<\/h4>\n[\/vc_column_text][vc_empty_space height=&#8221;10px&#8221;][vc_column_text]\n<p style=\"text-align: justify;\"><i class=\"fa fa-angle-double-right\"><\/i> Esta massagem \u00e9 indicada para aliviar o estresse causado pelo dia-a-dia, a\u00a0sensa\u00e7\u00e3o de \u201cpeso\u201d \u201ccansa\u00e7o\u201d e \u201cfadiga\u201d muscular<\/p>\n<p style=\"text-align: justify;\"><i class=\"fa fa-angle-double-right\"><\/i> Al\u00e9m de ativar a circula\u00e7\u00e3o sangu\u00ednea e promover um relaxamento completo dos\u00a0p\u00e9s a cabe\u00e7a esta massagem proporcionar\u00e1 uma sensa\u00e7\u00e3o de bem-estar profundo e\u00a0harmoniza\u00e7\u00e3o corporal.<\/p>\n<p>&nbsp;<\/p>\n<h5 style=\"text-align: justify;\">Consulte nossos pre\u00e7os Promocionais em nosso WhatsApp !<\/h5>\n[\/vc_column_text][\/vc_column_inner][vc_column_inner width=&#8221;1\/3&#8243;][vc_single_image image=&#8221;9011&#8243; img_size=&#8221;500&#215;350&#8243; alignment=&#8221;center&#8221;][\/vc_column_inner][\/vc_row_inner][vc_empty_space height=&#8221;20px&#8221;][\/vc_column][\/vc_row]\n","protected":false},"excerpt":{"rendered":"<p>[vc_row][vc_column][vc_column_text] Massagem Relaxante [\/vc_column_text][vc_empty_space][vc_row_inner][vc_column_inner width=&#8221;2\/3&#8243;][vc_column_text] A Massagem relaxante tem como base a massagem cl\u00e1ssica sueca. Uma massagem\u00a0cl\u00e1ssica que proporciona o relaxamento muscular o cansa\u00e7o f\u00edsico e o estresse mental e\u00a0corporal. [\/vc_column_text][vc_empty_space height=&#8221;20px&#8221;][vc_column_text] Benef\u00edcios [\/vc_column_text][vc_empty_space height=&#8221;10px&#8221;][vc_column_text] Esta massagem \u00e9 indicada para aliviar o estresse causado pelo&#8230;<\/p>\n","protected":false},"author":1,"featured_media":0,"parent":0,"menu_order":0,"comment_status":"open","ping_status":"closed","template":"","meta":[],"uagb_featured_image_src":{"full":false,"thumbnail":false,"medium":false,"medium_large":false,"large":false,"1536x1536":false,"2048x2048":false,"portfolio-square":false,"menu-featured-post":false,"qode-carousel_slider":false,"portfolio_slider":false},"uagb_author_info":{"display_name":"DGN","author_link":"https:\/\/shivaterapias.com.br\/massagens-terapeuticas\/author\/eccan\/"},"uagb_comment_info":0,"uagb_excerpt":"[vc_row][vc_column][vc_column_text] Massagem Relaxante [\/vc_column_text][vc_empty_space][vc_row_inner][vc_column_inner width=&#8221;2\/3&#8243;][vc_column_text] A Massagem relaxante tem como base a massagem cl\u00e1ssica sueca. Uma massagem\u00a0cl\u00e1ssica que proporciona o relaxamento muscular o cansa\u00e7o f\u00edsico e o estresse mental e\u00a0corporal. [\/vc_column_text][vc_empty_space height=&#8221;20px&#8221;][vc_column_text] Benef\u00edcios [\/vc_column_text][vc_empty_space height=&#8221;10px&#8221;][vc_column_text] Esta massagem \u00e9 indicada para aliviar o estresse causado pelo...","_links":{"self":[{"href":"https:\/\/shivaterapias.com.br\/massagens-terapeuticas\/wp-json\/wp\/v2\/pages\/8833"}],"collection":[{"href":"https:\/\/shivaterapias.com.br\/massagens-terapeuticas\/wp-json\/wp\/v2\/pages"}],"about":[{"href":"https:\/\/shivaterapias.com.br\/massagens-terapeuticas\/wp-json\/wp\/v2\/types\/page"}],"author":[{"embeddable":true,"href":"https:\/\/shivaterapias.com.br\/massagens-terapeuticas\/wp-json\/wp\/v2\/users\/1"}],"replies":[{"embeddable":true,"href":"https:\/\/shivaterapias.com.br\/massagens-terapeuticas\/wp-json\/wp\/v2\/comments?post=8833"}],"version-history":[{"count":15,"href":"https:\/\/shivaterapias.com.br\/massagens-terapeuticas\/wp-json\/wp\/v2\/pages\/8833\/revisions"}],"predecessor-version":[{"id":15878,"href":"https:\/\/shivaterapias.com.br\/massagens-terapeuticas\/wp-json\/wp\/v2\/pages\/8833\/revisions\/15878"}],"wp:attachment":[{"href":"https:\/\/shivaterapias.com.br\/massagens-terapeuticas\/wp-json\/wp\/v2\/media?parent=8833"}],"curies":[{"name":"wp","href":"https:\/\/api.w.org\/{rel}","templated":true}]}}