{"id":8966,"date":"2016-03-24T01:40:03","date_gmt":"2016-03-24T01:40:03","guid":{"rendered":"http:\/\/shivaterapias.com.br\/massagens-terapeuticas\/?page_id=8966"},"modified":"2023-03-05T19:28:35","modified_gmt":"2023-03-05T19:28:35","slug":"massagem-prostatica","status":"publish","type":"page","link":"https:\/\/shivaterapias.com.br\/massagens-terapeuticas\/massagem-prostatica\/","title":{"rendered":"Massagem Prost\u00e1tica"},"content":{"rendered":"[vc_row][vc_column][vc_column_text]\n<h2 style=\"text-align: center;\">Massagem Prost\u00e1tica<\/h2>\n[\/vc_column_text][vc_empty_space][vc_row_inner][vc_column_inner width=&#8221;2\/3&#8243;][vc_column_text]\n<p style=\"text-align: justify;\">Nesta t\u00e9cnica oferecemos a possibilidade da pessoa explorar todo o potencial que\u00a0o Ponto P, tamb\u00e9m conhecido como Ponto G masculino, pode oferecer em termos\u00a0de expans\u00e3o sensorial e um n\u00edvel m\u00e1ximo de prazer que poucos experimentaram\u00a0em suas vidas. Nos homens o est\u00edmulo \u00e9 produzido ap\u00f3s uma sucess\u00e3o de\u00a0manobras especiais, no interior do \u00e2nus, em contato direto com a pr\u00f3stata. Em\u00a0geral os homens experimentam alguma apreens\u00e3o com rela\u00e7\u00e3o a este est\u00edmulo\u00a0pois se preocupam com a quest\u00e3o de mudar de prefer\u00eancia sexual. Nossa\u00a0experi\u00eancia demonstra que o trabalho em nada interfere nas quest\u00f5es de g\u00eanero,\u00a0possibilitando um aumento significativo na intensifica\u00e7\u00e3o do prazer e nos estados\u00a0alterados de percep\u00e7\u00e3o e consci\u00eancia.<\/p>\n[\/vc_column_text][vc_empty_space height=&#8221;20px&#8221;][vc_column_text]\n<h4 style=\"text-align: left;\">Benef\u00edcios<\/h4>\n[\/vc_column_text][vc_empty_space height=&#8221;10px&#8221;][vc_column_text]\n<p style=\"text-align: justify;\"><i class=\"fa fa-angle-double-right\"><\/i> Desperta todo o potencial sensorial da pr\u00f3stata.<\/p>\n<p style=\"text-align: justify;\"><i class=\"fa fa-angle-double-right\"><\/i> Potencializa as ondas de prazer;<\/p>\n<p style=\"text-align: justify;\"><i class=\"fa fa-angle-double-right\"><\/i> Aumenta os n\u00edveis de endorfina, serotonina e ocitocina;<\/p>\n<p style=\"text-align: justify;\"><i class=\"fa fa-angle-double-right\"><\/i> Orgasmos secos e m\u00faltiplos;<\/p>\n<p style=\"text-align: justify;\"><i class=\"fa fa-angle-double-right\"><\/i> Fortalece e vitaliza os genitais.<\/p>\n<p>&nbsp;<\/p>\n<h5 style=\"text-align: justify;\">Consulte nossos pre\u00e7os Promocionais em nosso WhatsApp !<\/h5>\n[\/vc_column_text][\/vc_column_inner][vc_column_inner width=&#8221;1\/3&#8243;][vc_single_image image=&#8221;9069&#8243; img_size=&#8221;full&#8221; alignment=&#8221;center&#8221;][\/vc_column_inner][\/vc_row_inner][vc_empty_space height=&#8221;20px&#8221;][\/vc_column][\/vc_row]\n","protected":false},"excerpt":{"rendered":"<p>[vc_row][vc_column][vc_column_text] Massagem Prost\u00e1tica [\/vc_column_text][vc_empty_space][vc_row_inner][vc_column_inner width=&#8221;2\/3&#8243;][vc_column_text] Nesta t\u00e9cnica oferecemos a possibilidade da pessoa explorar todo o potencial que\u00a0o Ponto P, tamb\u00e9m conhecido como Ponto G masculino, pode oferecer em termos\u00a0de expans\u00e3o sensorial e um n\u00edvel m\u00e1ximo de prazer que poucos experimentaram\u00a0em suas vidas. Nos homens o&#8230;<\/p>\n","protected":false},"author":1,"featured_media":0,"parent":0,"menu_order":0,"comment_status":"open","ping_status":"open","template":"","meta":[],"uagb_featured_image_src":{"full":false,"thumbnail":false,"medium":false,"medium_large":false,"large":false,"1536x1536":false,"2048x2048":false,"portfolio-square":false,"menu-featured-post":false,"qode-carousel_slider":false,"portfolio_slider":false},"uagb_author_info":{"display_name":"DGN","author_link":"https:\/\/shivaterapias.com.br\/massagens-terapeuticas\/author\/eccan\/"},"uagb_comment_info":0,"uagb_excerpt":"[vc_row][vc_column][vc_column_text] Massagem Prost\u00e1tica [\/vc_column_text][vc_empty_space][vc_row_inner][vc_column_inner width=&#8221;2\/3&#8243;][vc_column_text] Nesta t\u00e9cnica oferecemos a possibilidade da pessoa explorar todo o potencial que\u00a0o Ponto P, tamb\u00e9m conhecido como Ponto G masculino, pode oferecer em termos\u00a0de expans\u00e3o sensorial e um n\u00edvel m\u00e1ximo de prazer que poucos experimentaram\u00a0em suas vidas. Nos homens o...","_links":{"self":[{"href":"https:\/\/shivaterapias.com.br\/massagens-terapeuticas\/wp-json\/wp\/v2\/pages\/8966"}],"collection":[{"href":"https:\/\/shivaterapias.com.br\/massagens-terapeuticas\/wp-json\/wp\/v2\/pages"}],"about":[{"href":"https:\/\/shivaterapias.com.br\/massagens-terapeuticas\/wp-json\/wp\/v2\/types\/page"}],"author":[{"embeddable":true,"href":"https:\/\/shivaterapias.com.br\/massagens-terapeuticas\/wp-json\/wp\/v2\/users\/1"}],"replies":[{"embeddable":true,"href":"https:\/\/shivaterapias.com.br\/massagens-terapeuticas\/wp-json\/wp\/v2\/comments?post=8966"}],"version-history":[{"count":7,"href":"https:\/\/shivaterapias.com.br\/massagens-terapeuticas\/wp-json\/wp\/v2\/pages\/8966\/revisions"}],"predecessor-version":[{"id":15881,"href":"https:\/\/shivaterapias.com.br\/massagens-terapeuticas\/wp-json\/wp\/v2\/pages\/8966\/revisions\/15881"}],"wp:attachment":[{"href":"https:\/\/shivaterapias.com.br\/massagens-terapeuticas\/wp-json\/wp\/v2\/media?parent=8966"}],"curies":[{"name":"wp","href":"https:\/\/api.w.org\/{rel}","templated":true}]}}