{"id":9487,"date":"2016-09-27T01:49:21","date_gmt":"2016-09-27T01:49:21","guid":{"rendered":"http:\/\/shivaterapias.com.br\/massagens-terapeuticas\/?page_id=9487"},"modified":"2026-03-31T00:15:46","modified_gmt":"2026-03-31T00:15:46","slug":"equipe-copacabana","status":"publish","type":"page","link":"https:\/\/shivaterapias.com.br\/massagens-terapeuticas\/equipe-copacabana\/","title":{"rendered":"Equipe Copacabana"},"content":{"rendered":"[vc_row][vc_column][vc_column_text]\n<h4 style=\"text-align: justify;\">Com uma Equipe Altamente Qualificada, nossa cl\u00ednica se destaca pela aten\u00e7\u00e3o e pelo carinho a voc\u00ea cliente. Enquanto durar sua estadia em nossas depend\u00eancias estaremos sempre sugerindo a melhor terapia para seu bem estar f\u00edsico e mental.<\/h4>\n<p>&nbsp;<\/p>\n<h4 style=\"text-align: justify;\">Aqui a sua \u00fanica preocupa\u00e7\u00e3o \u00e9 relaxar, abaixo est\u00e3o as m\u00e3os que v\u00e3o conduzir voc\u00ea a uma experi\u00eancia nunca vivida antes.<\/h4>\n<p>&nbsp;<\/p>\n<h4 style=\"text-align: justify;\">Especialidades de cada Terapeuta:<\/h4>\n[\/vc_column_text][vc_empty_space height=&#8221;15px&#8221;][\/vc_column][\/vc_row][vc_row][vc_column width=&#8221;1\/4&#8243;][vc_column_text]\n<h4><i class=\"fa fa-angle-double-right\"><\/i> Massagem Relaxante<br \/>\n<i class=\"fa fa-angle-double-right\"><\/i> Shiatsu<br \/>\n<i class=\"fa fa-angle-double-right\"><\/i> T\u00e2ntrica<br \/>\n<i class=\"fa fa-angle-double-right\"><\/i> Desportiva<\/h4>\n[\/vc_column_text][\/vc_column][vc_column width=&#8221;1\/4&#8243;][vc_column_text]\n<h4><i class=\"fa fa-angle-double-right\"><\/i> Prost\u00e1tica<br \/>\n<i class=\"fa fa-angle-double-right\"><\/i> 4 M\u00e3os<br \/>\n<i class=\"fa fa-angle-double-right\"><\/i> Tailandesa<br \/>\n<i class=\"fa fa-angle-double-right\"><\/i> Massagem Mix<\/h4>\n[\/vc_column_text][\/vc_column][vc_column width=&#8221;1\/4&#8243;][\/vc_column][vc_column width=&#8221;1\/4&#8243;][\/vc_column][\/vc_row][vc_row][vc_column][vc_empty_space height=&#8221;30px&#8221;][\/vc_column][\/vc_row][vc_row][vc_column width=&#8221;1\/3&#8243;][vc_column_text]\n<div class=\"foogallery foogallery-container foogallery-thumbnail foogallery-single-thumbnail foogallery-lightbox-foobox fg-center fg-thumbnail fg-light fg-border-thin fg-shadow-outline fg-loading-default fg-loaded-fade-in fg-caption-always fg-hover-fade fg-hover-zoom\" id=\"foogallery-gallery-11889\" data-foogallery=\"{&quot;item&quot;:{&quot;showCaptionTitle&quot;:true,&quot;showCaptionDescription&quot;:true},&quot;lazy&quot;:true,&quot;src&quot;:&quot;data-src-fg&quot;,&quot;srcset&quot;:&quot;data-srcset-fg&quot;}\" data-fg-common-fields=\"1\" >\r\n    <div class=\"fg-item\"><figure class=\"fg-item-inner\"><a href=\"https:\/\/shivaterapias.com.br\/massagens-terapeuticas\/wp-content\/uploads\/2019\/05\/5-7.jpg\" data-caption-desc=\"Imola Trans\" data-attachment-id=\"18340\" rel=\"lightbox[11889]\" class=\"fg-thumb\"><span class=\"fg-image-wrap\"><img width=\"250\" height=\"370\" data-src-fg=\"https:\/\/shivaterapias.com.br\/massagens-terapeuticas\/wp-content\/uploads\/cache\/2019\/05\/5-7\/2586366995.jpg\" class=\"fg-image\" \/><\/span><\/a><figcaption class=\"fg-caption\"><div class=\"fg-caption-inner\"><div class=\"fg-caption-desc\">Imola Trans<\/div><\/div><\/figcaption><\/figure><div class=\"fg-loader\"><\/div><\/div>    <div class=\"fg-st-hidden\">\r\n    <div class=\"fg-item\"><figure class=\"fg-item-inner\"><a href=\"https:\/\/shivaterapias.com.br\/massagens-terapeuticas\/wp-content\/uploads\/2019\/05\/1-14.jpg\" data-attachment-id=\"18336\" class=\"fg-thumb\"><span class=\"fg-image-wrap\"><img width=\"250\" height=\"370\" data-src-fg=\"https:\/\/shivaterapias.com.br\/massagens-terapeuticas\/wp-content\/uploads\/cache\/2019\/05\/1-14\/2089111774.jpg\" class=\"fg-image\" \/><\/span><\/a><figcaption class=\"fg-caption\"><div class=\"fg-caption-inner\"><\/div><\/figcaption><\/figure><div class=\"fg-loader\"><\/div><\/div><div class=\"fg-item\"><figure class=\"fg-item-inner\"><a href=\"https:\/\/shivaterapias.com.br\/massagens-terapeuticas\/wp-content\/uploads\/2019\/05\/2-14.jpg\" data-attachment-id=\"18337\" class=\"fg-thumb\"><span class=\"fg-image-wrap\"><img width=\"250\" height=\"370\" data-src-fg=\"https:\/\/shivaterapias.com.br\/massagens-terapeuticas\/wp-content\/uploads\/cache\/2019\/05\/2-14\/989283144.jpg\" class=\"fg-image\" \/><\/span><\/a><figcaption class=\"fg-caption\"><div class=\"fg-caption-inner\"><\/div><\/figcaption><\/figure><div class=\"fg-loader\"><\/div><\/div><div class=\"fg-item\"><figure class=\"fg-item-inner\"><a href=\"https:\/\/shivaterapias.com.br\/massagens-terapeuticas\/wp-content\/uploads\/2019\/05\/3-10.jpg\" data-attachment-id=\"18338\" class=\"fg-thumb\"><span class=\"fg-image-wrap\"><img width=\"250\" height=\"370\" data-src-fg=\"https:\/\/shivaterapias.com.br\/massagens-terapeuticas\/wp-content\/uploads\/cache\/2019\/05\/3-10\/1181180841.jpg\" class=\"fg-image\" \/><\/span><\/a><figcaption class=\"fg-caption\"><div class=\"fg-caption-inner\"><\/div><\/figcaption><\/figure><div class=\"fg-loader\"><\/div><\/div><div class=\"fg-item\"><figure class=\"fg-item-inner\"><a href=\"https:\/\/shivaterapias.com.br\/massagens-terapeuticas\/wp-content\/uploads\/2019\/05\/4-7.jpg\" data-attachment-id=\"18339\" class=\"fg-thumb\"><span class=\"fg-image-wrap\"><img width=\"250\" height=\"370\" data-src-fg=\"https:\/\/shivaterapias.com.br\/massagens-terapeuticas\/wp-content\/uploads\/cache\/2019\/05\/4-7\/2298691211.jpg\" class=\"fg-image\" \/><\/span><\/a><figcaption class=\"fg-caption\"><div class=\"fg-caption-inner\"><\/div><\/figcaption><\/figure><div class=\"fg-loader\"><\/div><\/div>    <\/div>\r\n<\/div>\r\n\n[\/vc_column_text][\/vc_column][vc_column width=&#8221;1\/3&#8243;][vc_column_text]\n<div class=\"foogallery foogallery-container foogallery-thumbnail foogallery-single-thumbnail foogallery-lightbox-foobox fg-center fg-thumbnail fg-light fg-border-thin fg-shadow-outline fg-loading-default fg-loaded-fade-in fg-caption-always fg-hover-fade fg-hover-zoom\" id=\"foogallery-gallery-12055\" data-foogallery=\"{&quot;item&quot;:{&quot;showCaptionTitle&quot;:true,&quot;showCaptionDescription&quot;:true},&quot;lazy&quot;:true,&quot;src&quot;:&quot;data-src-fg&quot;,&quot;srcset&quot;:&quot;data-srcset-fg&quot;}\" data-fg-common-fields=\"1\" >\r\n    <div class=\"fg-item\"><figure class=\"fg-item-inner\"><a href=\"https:\/\/shivaterapias.com.br\/massagens-terapeuticas\/wp-content\/uploads\/2019\/06\/2-24.jpg\" data-caption-desc=\"Rebeca Trans\" data-attachment-id=\"18482\" rel=\"lightbox[12055]\" class=\"fg-thumb\"><span class=\"fg-image-wrap\"><img width=\"250\" height=\"370\" data-src-fg=\"https:\/\/shivaterapias.com.br\/massagens-terapeuticas\/wp-content\/uploads\/cache\/2019\/06\/2-24\/981753983.jpg\" class=\"fg-image\" \/><\/span><\/a><figcaption class=\"fg-caption\"><div class=\"fg-caption-inner\"><div class=\"fg-caption-desc\">Rebeca Trans<\/div><\/div><\/figcaption><\/figure><div class=\"fg-loader\"><\/div><\/div>    <div class=\"fg-st-hidden\">\r\n    <div class=\"fg-item\"><figure class=\"fg-item-inner\"><a href=\"https:\/\/shivaterapias.com.br\/massagens-terapeuticas\/wp-content\/uploads\/2019\/06\/1-26.jpg\" data-attachment-id=\"18481\" class=\"fg-thumb\"><span class=\"fg-image-wrap\"><img width=\"250\" height=\"370\" data-src-fg=\"https:\/\/shivaterapias.com.br\/massagens-terapeuticas\/wp-content\/uploads\/cache\/2019\/06\/1-26\/3548395799.jpg\" class=\"fg-image\" \/><\/span><\/a><figcaption class=\"fg-caption\"><div class=\"fg-caption-inner\"><\/div><\/figcaption><\/figure><div class=\"fg-loader\"><\/div><\/div><div class=\"fg-item\"><figure class=\"fg-item-inner\"><a href=\"https:\/\/shivaterapias.com.br\/massagens-terapeuticas\/wp-content\/uploads\/2019\/06\/3-18.jpg\" data-attachment-id=\"18483\" class=\"fg-thumb\"><span class=\"fg-image-wrap\"><img width=\"250\" height=\"370\" data-src-fg=\"https:\/\/shivaterapias.com.br\/massagens-terapeuticas\/wp-content\/uploads\/cache\/2019\/06\/3-18\/3283764046.jpg\" class=\"fg-image\" \/><\/span><\/a><figcaption class=\"fg-caption\"><div class=\"fg-caption-inner\"><\/div><\/figcaption><\/figure><div class=\"fg-loader\"><\/div><\/div><div class=\"fg-item\"><figure class=\"fg-item-inner\"><a href=\"https:\/\/shivaterapias.com.br\/massagens-terapeuticas\/wp-content\/uploads\/2019\/06\/4-10.jpg\" data-attachment-id=\"18484\" class=\"fg-thumb\"><span class=\"fg-image-wrap\"><img width=\"250\" height=\"370\" data-src-fg=\"https:\/\/shivaterapias.com.br\/massagens-terapeuticas\/wp-content\/uploads\/cache\/2019\/06\/4-10\/1241911134.jpg\" class=\"fg-image\" \/><\/span><\/a><figcaption class=\"fg-caption\"><div class=\"fg-caption-inner\"><\/div><\/figcaption><\/figure><div class=\"fg-loader\"><\/div><\/div><div class=\"fg-item\"><figure class=\"fg-item-inner\"><a href=\"https:\/\/shivaterapias.com.br\/massagens-terapeuticas\/wp-content\/uploads\/2019\/06\/5-10.jpg\" data-attachment-id=\"18485\" class=\"fg-thumb\"><span class=\"fg-image-wrap\"><img width=\"250\" height=\"370\" data-src-fg=\"https:\/\/shivaterapias.com.br\/massagens-terapeuticas\/wp-content\/uploads\/cache\/2019\/06\/5-10\/1410901257.jpg\" class=\"fg-image\" \/><\/span><\/a><figcaption class=\"fg-caption\"><div class=\"fg-caption-inner\"><\/div><\/figcaption><\/figure><div class=\"fg-loader\"><\/div><\/div>    <\/div>\r\n<\/div>\r\n\n[\/vc_column_text][\/vc_column][vc_column width=&#8221;1\/3&#8243;][vc_column_text]\n<div class=\"foogallery foogallery-container foogallery-thumbnail foogallery-single-thumbnail foogallery-lightbox-foobox fg-center fg-thumbnail fg-light fg-border-thin fg-shadow-outline fg-loading-default fg-loaded-fade-in fg-caption-always fg-hover-fade fg-hover-zoom\" id=\"foogallery-gallery-9879\" data-foogallery=\"{&quot;item&quot;:{&quot;showCaptionTitle&quot;:true,&quot;showCaptionDescription&quot;:true},&quot;lazy&quot;:true,&quot;src&quot;:&quot;data-src-fg&quot;,&quot;srcset&quot;:&quot;data-srcset-fg&quot;}\" data-fg-common-fields=\"1\" >\r\n    <div class=\"fg-item\"><figure class=\"fg-item-inner\"><a href=\"https:\/\/shivaterapias.com.br\/massagens-terapeuticas\/wp-content\/uploads\/2017\/03\/a1-1.jpg\" data-caption-desc=\"Rose\" data-attachment-id=\"18508\" rel=\"lightbox[9879]\" class=\"fg-thumb\"><span class=\"fg-image-wrap\"><img width=\"250\" height=\"370\" data-src-fg=\"https:\/\/shivaterapias.com.br\/massagens-terapeuticas\/wp-content\/uploads\/cache\/2017\/03\/a1-1\/449459395.jpg\" class=\"fg-image\" \/><\/span><\/a><figcaption class=\"fg-caption\"><div class=\"fg-caption-inner\"><div class=\"fg-caption-desc\">Rose<\/div><\/div><\/figcaption><\/figure><div class=\"fg-loader\"><\/div><\/div>    <div class=\"fg-st-hidden\">\r\n    <div class=\"fg-item\"><figure class=\"fg-item-inner\"><a href=\"https:\/\/shivaterapias.com.br\/massagens-terapeuticas\/wp-content\/uploads\/2017\/03\/6-5.jpg\" data-attachment-id=\"18507\" class=\"fg-thumb\"><span class=\"fg-image-wrap\"><img width=\"250\" height=\"370\" data-src-fg=\"https:\/\/shivaterapias.com.br\/massagens-terapeuticas\/wp-content\/uploads\/cache\/2017\/03\/6-5\/755596799.jpg\" class=\"fg-image\" \/><\/span><\/a><figcaption class=\"fg-caption\"><div class=\"fg-caption-inner\"><\/div><\/figcaption><\/figure><div class=\"fg-loader\"><\/div><\/div><div class=\"fg-item\"><figure class=\"fg-item-inner\"><a href=\"https:\/\/shivaterapias.com.br\/massagens-terapeuticas\/wp-content\/uploads\/2017\/03\/a2-1.jpg\" data-attachment-id=\"18509\" class=\"fg-thumb\"><span class=\"fg-image-wrap\"><img width=\"250\" height=\"370\" data-src-fg=\"https:\/\/shivaterapias.com.br\/massagens-terapeuticas\/wp-content\/uploads\/cache\/2017\/03\/a2-1\/1867545131.jpg\" class=\"fg-image\" \/><\/span><\/a><figcaption class=\"fg-caption\"><div class=\"fg-caption-inner\"><\/div><\/figcaption><\/figure><div class=\"fg-loader\"><\/div><\/div><div class=\"fg-item\"><figure class=\"fg-item-inner\"><a href=\"https:\/\/shivaterapias.com.br\/massagens-terapeuticas\/wp-content\/uploads\/2017\/03\/a3-1.jpg\" data-attachment-id=\"18510\" class=\"fg-thumb\"><span class=\"fg-image-wrap\"><img width=\"250\" height=\"370\" data-src-fg=\"https:\/\/shivaterapias.com.br\/massagens-terapeuticas\/wp-content\/uploads\/cache\/2017\/03\/a3-1\/1183747146.jpg\" class=\"fg-image\" \/><\/span><\/a><figcaption class=\"fg-caption\"><div class=\"fg-caption-inner\"><\/div><\/figcaption><\/figure><div class=\"fg-loader\"><\/div><\/div><div class=\"fg-item\"><figure class=\"fg-item-inner\"><a href=\"https:\/\/shivaterapias.com.br\/massagens-terapeuticas\/wp-content\/uploads\/2017\/03\/a4-1.jpg\" data-attachment-id=\"18511\" class=\"fg-thumb\"><span class=\"fg-image-wrap\"><img width=\"250\" height=\"370\" data-src-fg=\"https:\/\/shivaterapias.com.br\/massagens-terapeuticas\/wp-content\/uploads\/cache\/2017\/03\/a4-1\/1422443423.jpg\" class=\"fg-image\" \/><\/span><\/a><figcaption class=\"fg-caption\"><div class=\"fg-caption-inner\"><\/div><\/figcaption><\/figure><div class=\"fg-loader\"><\/div><\/div>    <\/div>\r\n<\/div>\r\n\n[\/vc_column_text][\/vc_column][\/vc_row][vc_row][vc_column width=&#8221;1\/3&#8243;][vc_column_text]\n<div class=\"foogallery foogallery-container foogallery-thumbnail foogallery-single-thumbnail foogallery-lightbox-foobox fg-center fg-thumbnail fg-light fg-border-thin fg-shadow-outline fg-loading-default fg-loaded-fade-in fg-caption-always fg-hover-fade fg-hover-zoom\" id=\"foogallery-gallery-10129\" data-foogallery=\"{&quot;item&quot;:{&quot;showCaptionTitle&quot;:true,&quot;showCaptionDescription&quot;:true},&quot;lazy&quot;:true,&quot;src&quot;:&quot;data-src-fg&quot;,&quot;srcset&quot;:&quot;data-srcset-fg&quot;}\" data-fg-common-fields=\"1\" >\r\n    <div class=\"fg-item\"><figure class=\"fg-item-inner\"><a href=\"https:\/\/shivaterapias.com.br\/massagens-terapeuticas\/wp-content\/uploads\/2017\/06\/5-9.jpg\" data-caption-desc=\"Mirela\" data-attachment-id=\"18471\" rel=\"lightbox[10129]\" class=\"fg-thumb\"><span class=\"fg-image-wrap\"><img width=\"250\" height=\"370\" data-src-fg=\"https:\/\/shivaterapias.com.br\/massagens-terapeuticas\/wp-content\/uploads\/cache\/2017\/06\/5-9\/2009961339.jpg\" class=\"fg-image\" \/><\/span><\/a><figcaption class=\"fg-caption\"><div class=\"fg-caption-inner\"><div class=\"fg-caption-desc\">Mirela<\/div><\/div><\/figcaption><\/figure><div class=\"fg-loader\"><\/div><\/div>    <div class=\"fg-st-hidden\">\r\n    <div class=\"fg-item\"><figure class=\"fg-item-inner\"><a href=\"https:\/\/shivaterapias.com.br\/massagens-terapeuticas\/wp-content\/uploads\/2017\/06\/1-16.jpg\" data-attachment-id=\"18467\" class=\"fg-thumb\"><span class=\"fg-image-wrap\"><img width=\"250\" height=\"370\" data-src-fg=\"https:\/\/shivaterapias.com.br\/massagens-terapeuticas\/wp-content\/uploads\/cache\/2017\/06\/1-16\/760522327.jpg\" class=\"fg-image\" \/><\/span><\/a><figcaption class=\"fg-caption\"><div class=\"fg-caption-inner\"><\/div><\/figcaption><\/figure><div class=\"fg-loader\"><\/div><\/div><div class=\"fg-item\"><figure class=\"fg-item-inner\"><a href=\"https:\/\/shivaterapias.com.br\/massagens-terapeuticas\/wp-content\/uploads\/2017\/06\/2-12.jpg\" data-attachment-id=\"18468\" class=\"fg-thumb\"><span class=\"fg-image-wrap\"><img width=\"250\" height=\"370\" data-src-fg=\"https:\/\/shivaterapias.com.br\/massagens-terapeuticas\/wp-content\/uploads\/cache\/2017\/06\/2-12\/162021239.jpg\" class=\"fg-image\" \/><\/span><\/a><figcaption class=\"fg-caption\"><div class=\"fg-caption-inner\"><\/div><\/figcaption><\/figure><div class=\"fg-loader\"><\/div><\/div><div class=\"fg-item\"><figure class=\"fg-item-inner\"><a href=\"https:\/\/shivaterapias.com.br\/massagens-terapeuticas\/wp-content\/uploads\/2017\/06\/3-8.jpg\" data-attachment-id=\"18469\" class=\"fg-thumb\"><span class=\"fg-image-wrap\"><img width=\"250\" height=\"370\" data-src-fg=\"https:\/\/shivaterapias.com.br\/massagens-terapeuticas\/wp-content\/uploads\/cache\/2017\/06\/3-8\/3658269162.jpg\" class=\"fg-image\" \/><\/span><\/a><figcaption class=\"fg-caption\"><div class=\"fg-caption-inner\"><\/div><\/figcaption><\/figure><div class=\"fg-loader\"><\/div><\/div><div class=\"fg-item\"><figure class=\"fg-item-inner\"><a href=\"https:\/\/shivaterapias.com.br\/massagens-terapeuticas\/wp-content\/uploads\/2017\/06\/4-9.jpg\" data-attachment-id=\"18470\" class=\"fg-thumb\"><span class=\"fg-image-wrap\"><img width=\"250\" height=\"370\" data-src-fg=\"https:\/\/shivaterapias.com.br\/massagens-terapeuticas\/wp-content\/uploads\/cache\/2017\/06\/4-9\/845563730.jpg\" class=\"fg-image\" \/><\/span><\/a><figcaption class=\"fg-caption\"><div class=\"fg-caption-inner\"><\/div><\/figcaption><\/figure><div class=\"fg-loader\"><\/div><\/div>    <\/div>\r\n<\/div>\r\n\n[\/vc_column_text][\/vc_column][vc_column width=&#8221;1\/3&#8243;][vc_column_text]\n<div class=\"foogallery foogallery-container foogallery-thumbnail foogallery-single-thumbnail foogallery-lightbox-foobox fg-center fg-thumbnail fg-light fg-border-thin fg-shadow-outline fg-loading-default fg-loaded-fade-in fg-caption-always fg-hover-fade fg-hover-zoom\" id=\"foogallery-gallery-12082\" data-foogallery=\"{&quot;item&quot;:{&quot;showCaptionTitle&quot;:true,&quot;showCaptionDescription&quot;:true},&quot;lazy&quot;:true,&quot;src&quot;:&quot;data-src-fg&quot;,&quot;srcset&quot;:&quot;data-srcset-fg&quot;}\" data-fg-common-fields=\"1\" >\r\n    <div class=\"fg-item\"><figure class=\"fg-item-inner\"><a href=\"https:\/\/shivaterapias.com.br\/massagens-terapeuticas\/wp-content\/uploads\/2019\/07\/1-13.jpg\" data-caption-desc=\"Thais\" data-attachment-id=\"18437\" rel=\"lightbox[12082]\" class=\"fg-thumb\"><span class=\"fg-image-wrap\"><img width=\"250\" height=\"370\" data-src-fg=\"https:\/\/shivaterapias.com.br\/massagens-terapeuticas\/wp-content\/uploads\/cache\/2019\/07\/1-13\/2611837046.jpg\" class=\"fg-image\" \/><\/span><\/a><figcaption class=\"fg-caption\"><div class=\"fg-caption-inner\"><div class=\"fg-caption-desc\">Thais<\/div><\/div><\/figcaption><\/figure><div class=\"fg-loader\"><\/div><\/div>    <div class=\"fg-st-hidden\">\r\n    <div class=\"fg-item\"><figure class=\"fg-item-inner\"><a href=\"https:\/\/shivaterapias.com.br\/massagens-terapeuticas\/wp-content\/uploads\/2019\/07\/3-8.jpg\" data-attachment-id=\"18439\" class=\"fg-thumb\"><span class=\"fg-image-wrap\"><img width=\"250\" height=\"370\" data-src-fg=\"https:\/\/shivaterapias.com.br\/massagens-terapeuticas\/wp-content\/uploads\/cache\/2019\/07\/3-8\/4093627489.jpg\" class=\"fg-image\" \/><\/span><\/a><figcaption class=\"fg-caption\"><div class=\"fg-caption-inner\"><\/div><\/figcaption><\/figure><div class=\"fg-loader\"><\/div><\/div><div class=\"fg-item\"><figure class=\"fg-item-inner\"><a href=\"https:\/\/shivaterapias.com.br\/massagens-terapeuticas\/wp-content\/uploads\/2019\/07\/2-9.jpg\" data-attachment-id=\"18438\" class=\"fg-thumb\"><span class=\"fg-image-wrap\"><img width=\"250\" height=\"370\" data-src-fg=\"https:\/\/shivaterapias.com.br\/massagens-terapeuticas\/wp-content\/uploads\/cache\/2019\/07\/2-9\/537785197.jpg\" class=\"fg-image\" \/><\/span><\/a><figcaption class=\"fg-caption\"><div class=\"fg-caption-inner\"><\/div><\/figcaption><\/figure><div class=\"fg-loader\"><\/div><\/div><div class=\"fg-item\"><figure class=\"fg-item-inner\"><a href=\"https:\/\/shivaterapias.com.br\/massagens-terapeuticas\/wp-content\/uploads\/2019\/07\/4-8.jpg\" data-attachment-id=\"18440\" class=\"fg-thumb\"><span class=\"fg-image-wrap\"><img width=\"250\" height=\"370\" data-src-fg=\"https:\/\/shivaterapias.com.br\/massagens-terapeuticas\/wp-content\/uploads\/cache\/2019\/07\/4-8\/2077064694.jpg\" class=\"fg-image\" \/><\/span><\/a><figcaption class=\"fg-caption\"><div class=\"fg-caption-inner\"><\/div><\/figcaption><\/figure><div class=\"fg-loader\"><\/div><\/div><div class=\"fg-item\"><figure class=\"fg-item-inner\"><a href=\"https:\/\/shivaterapias.com.br\/massagens-terapeuticas\/wp-content\/uploads\/2019\/07\/5-3.jpg\" data-attachment-id=\"18441\" class=\"fg-thumb\"><span class=\"fg-image-wrap\"><img width=\"250\" height=\"370\" data-src-fg=\"https:\/\/shivaterapias.com.br\/massagens-terapeuticas\/wp-content\/uploads\/cache\/2019\/07\/5-3\/973037106.jpg\" class=\"fg-image\" \/><\/span><\/a><figcaption class=\"fg-caption\"><div class=\"fg-caption-inner\"><\/div><\/figcaption><\/figure><div class=\"fg-loader\"><\/div><\/div>    <\/div>\r\n<\/div>\r\n\n[\/vc_column_text][\/vc_column][vc_column width=&#8221;1\/3&#8243;][\/vc_column][\/vc_row][vc_row][vc_column width=&#8221;1\/3&#8243;][\/vc_column][vc_column width=&#8221;1\/3&#8243;][\/vc_column][vc_column width=&#8221;1\/3&#8243;][\/vc_column][\/vc_row][vc_row][vc_column width=&#8221;1\/3&#8243;][\/vc_column][vc_column width=&#8221;1\/3&#8243;][\/vc_column][vc_column width=&#8221;1\/3&#8243;][\/vc_column][\/vc_row][vc_row][vc_column][vc_column_text]\n<p style=\"text-align: justify;\"><span style=\"vertical-align: inherit;\"><span style=\"vertical-align: inherit;\">Todo nosso material \u00e9 descart\u00e1vel e nosso ambiente \u00e9 higienizado.<\/span><\/span><\/p>\n<p><span style=\"vertical-align: inherit;\"><span style=\"vertical-align: inherit;\">[\/vc_column_text][vc_empty_space height=&#8221;20px&#8221;][\/vc_column][\/vc_row][vc_row][vc_column][vc_column_text]\u00a0<\/span><\/span><\/p>\n<p style=\"text-align: justify;\"><span style=\"vertical-align: inherit;\"><span style=\"vertical-align: inherit;\">ACEITAMOS TODOS OS CART\u00d5ES DE CR\u00c9DITO E DEBITO. <\/span><span style=\"vertical-align: inherit;\">N\u00e3o cobramos taxa de acr\u00e9scimo para pagamento em cart\u00e3o.<\/span><\/span><\/p>\n<p>&nbsp;<\/p>\n<p style=\"text-align: justify;\"><strong><span style=\"vertical-align: inherit;\"><span style=\"vertical-align: inherit;\">Atendimento:<\/span><\/span><\/strong><span style=\"vertical-align: inherit;\"><span style=\"vertical-align: inherit;\"> Segunda \u00e0 sexta 11:00 as 20:00 | <\/span><\/span><strong><span style=\"vertical-align: inherit;\"><span style=\"vertical-align: inherit;\">Whatsapp:<\/span><\/span><\/strong><span style=\"vertical-align: inherit;\"><span style=\"vertical-align: inherit;\"> \u00a0(21) 9.7296-8229<\/span><\/span><\/p>\n<p>&nbsp;<\/p>\n<p style=\"text-align: justify;\"><span style=\"vertical-align: inherit;\"><span style=\"vertical-align: inherit;\">Estamos provavelmente a 200 metros da esta\u00e7\u00e3o do Metr\u00f4 Siqueira Campos, de frente \u00e0 Pra\u00e7a Serzedelo Correia.<\/span><\/span><\/p>\n[\/vc_column_text][vc_empty_space height=&#8221;30px&#8221;][\/vc_column][\/vc_row][vc_row][vc_column][vc_column_text][\/vc_column_text][\/vc_column][\/vc_row]\n","protected":false},"excerpt":{"rendered":"<p>[vc_row][vc_column][vc_column_text] Com uma Equipe Altamente Qualificada, nossa cl\u00ednica se destaca pela aten\u00e7\u00e3o e pelo carinho a voc\u00ea cliente. Enquanto durar sua estadia em nossas depend\u00eancias estaremos sempre sugerindo a melhor terapia para seu bem estar f\u00edsico e mental. &nbsp; Aqui a sua \u00fanica preocupa\u00e7\u00e3o \u00e9&#8230;<\/p>\n","protected":false},"author":3,"featured_media":0,"parent":0,"menu_order":0,"comment_status":"open","ping_status":"open","template":"","meta":[],"uagb_featured_image_src":{"full":false,"thumbnail":false,"medium":false,"medium_large":false,"large":false,"1536x1536":false,"2048x2048":false,"portfolio-square":false,"menu-featured-post":false,"qode-carousel_slider":false,"portfolio_slider":false},"uagb_author_info":{"display_name":"RBS","author_link":"https:\/\/shivaterapias.com.br\/massagens-terapeuticas\/author\/maicon\/"},"uagb_comment_info":0,"uagb_excerpt":"[vc_row][vc_column][vc_column_text] Com uma Equipe Altamente Qualificada, nossa cl\u00ednica se destaca pela aten\u00e7\u00e3o e pelo carinho a voc\u00ea cliente. Enquanto durar sua estadia em nossas depend\u00eancias estaremos sempre sugerindo a melhor terapia para seu bem estar f\u00edsico e mental. &nbsp; Aqui a sua \u00fanica preocupa\u00e7\u00e3o \u00e9...","_links":{"self":[{"href":"https:\/\/shivaterapias.com.br\/massagens-terapeuticas\/wp-json\/wp\/v2\/pages\/9487"}],"collection":[{"href":"https:\/\/shivaterapias.com.br\/massagens-terapeuticas\/wp-json\/wp\/v2\/pages"}],"about":[{"href":"https:\/\/shivaterapias.com.br\/massagens-terapeuticas\/wp-json\/wp\/v2\/types\/page"}],"author":[{"embeddable":true,"href":"https:\/\/shivaterapias.com.br\/massagens-terapeuticas\/wp-json\/wp\/v2\/users\/3"}],"replies":[{"embeddable":true,"href":"https:\/\/shivaterapias.com.br\/massagens-terapeuticas\/wp-json\/wp\/v2\/comments?post=9487"}],"version-history":[{"count":486,"href":"https:\/\/shivaterapias.com.br\/massagens-terapeuticas\/wp-json\/wp\/v2\/pages\/9487\/revisions"}],"predecessor-version":[{"id":18499,"href":"https:\/\/shivaterapias.com.br\/massagens-terapeuticas\/wp-json\/wp\/v2\/pages\/9487\/revisions\/18499"}],"wp:attachment":[{"href":"https:\/\/shivaterapias.com.br\/massagens-terapeuticas\/wp-json\/wp\/v2\/media?parent=9487"}],"curies":[{"name":"wp","href":"https:\/\/api.w.org\/{rel}","templated":true}]}}